{"id":12,"date":"2025-09-04T19:19:29","date_gmt":"2025-09-04T19:19:29","guid":{"rendered":"https:\/\/wunschpass.de\/?page_id=12"},"modified":"2025-09-04T19:19:29","modified_gmt":"2025-09-04T19:19:29","slug":"impressum","status":"publish","type":"page","link":"https:\/\/wunschpass.de\/index.php\/impressum\/","title":{"rendered":"Impressum"},"content":{"rendered":"\n<p>Betreiber der Website www.wunschpass.de ist:<\/p>\n\n\n\n<p>Norman Turovsky<\/p>\n\n\n\n<p>Heimst\u00e4ttenstra\u00dfe 8<\/p>\n\n\n\n<p>D-82256 F\u00fcrstenfeldbruck<\/p>\n\n\n\n<p>Kontakt<\/p>\n\n\n\n<p>Telefon 0049 (0)8141 XX XX XXX<\/p>\n\n\n\n<p>Telefax 0049 (0)8141 XX XX XXX<\/p>\n\n\n\n<p>E-Mail\u00a0info@wunschpass.de<\/p>\n\n\n\n<p>Web wunschpass.de<\/p>\n\n\n\n<p>Sitz der Gesellschaft:<\/p>\n\n\n\n<p>F\u00fcrstenfeldbruck<\/p>\n\n\n\n<p>Steuernummer:<\/p>\n\n\n\n<p>117\/281\/82085<\/p>\n\n\n\n<p>Vertreten durch:<\/p>\n\n\n\n<p>Norman Turovsky<\/p>\n\n\n\n<p>Verantwortlich f\u00fcr den Inhalt nach \u00a755 Abs. 2 RStV:<\/p>\n\n\n\n<p>Norman Turovsky<\/p>\n\n\n\n<p>Streitschlichtung \/ Rechtliche Hinweise<\/p>\n\n\n\n<p>Verbraucherinformationen gem\u00e4\u00df Verordnung (EU) Nr. 524\/2013:<\/p>\n\n\n\n<p>Im Rahmen der Verordnung \u00fcber Online-Streitbeilegung in Verbraucherangelegenheiten steht unter http:\/\/ec.europa.eu\/consumers\/odr eine Online-Streitbeilegungsplattform der EU-Kommission zur Verf\u00fcgung.<\/p>\n\n\n\n<p>Unsere E-Mail-Adresse finden Sie im Impressum. Wir sind nicht bereit oder verpflichtet, an Streitbeilegungsverfahren vor einer Verbraucherschlichtungsstelle teilzunehmen.<\/p>\n\n\n\n<p>Haftung f\u00fcr Inhalte<\/p>\n\n\n\n<p>Als Diensteanbieter sind wir gem\u00e4\u00df \u00a7 7 Abs.1 TMG f\u00fcr eigene Inhalte auf diesen Seiten nach den allgemeinen Gesetzen verantwortlich. Nach \u00a7\u00a7 8 bis 10 TMG sind wir als Diensteanbieter jedoch nicht verpflichtet, \u00fcbermittelte oder gespeicherte fremde Informationen zu \u00fcberwachen oder nach Umst\u00e4nden zu forschen, die auf eine rechtswidrige T\u00e4tigkeit hinweisen. Verpflichtungen zur Entfernung oder Sperrung der Nutzung von Informationen nach den allgemeinen Gesetzen bleiben hiervon unber\u00fchrt. Eine diesbez\u00fcgliche Haftung ist jedoch erst ab dem Zeitpunkt der Kenntnis einer konkreten Rechtsverletzung m\u00f6glich. Bei Bekanntwerden von entsprechenden Rechtsverletzungen werden wir diese Inhalte umgehend entfernen.<\/p>\n\n\n\n<p>Haftung f\u00fcr Links<\/p>\n\n\n\n<p>Unser Angebot enth\u00e4lt Links zu externen Websites Dritter, auf deren Inhalte wir keinen Einfluss haben. Deshalb k\u00f6nnen wir f\u00fcr diese fremden Inhalte auch keine Gew\u00e4hr \u00fcbernehmen. F\u00fcr die Inhalte der verlinkten Seiten ist stets der jeweilige Anbieter oder Betreiber der Seiten verantwortlich. Die verlinkten Seiten wurden zum Zeitpunkt der Verlinkung auf m\u00f6gliche Rechtsverst\u00f6\u00dfe \u00fcberpr\u00fcft. Rechtswidrige Inhalte waren zum Zeitpunkt der Verlinkung nicht erkennbar. Eine permanente inhaltliche Kontrolle der verlinkten Seiten ist jedoch ohne konkrete Anhaltspunkte einer Rechtsverletzung nicht zumutbar. Bei Bekanntwerden von Rechtsverletzungen werden wir derartige Links umgehend entfernen.<\/p>\n\n\n\n<p>Urheberrecht<\/p>\n\n\n\n<p>Die durch die Seitenbetreiber erstellten Inhalte und Werke auf diesen Seiten unterliegen dem deutschen Urheberrecht. Die Vervielf\u00e4ltigung, Bearbeitung, Verbreitung und jede Art der Verwertung au\u00dferhalb der Grenzen des Urheberrechtes bed\u00fcrfen der schriftlichen Zustimmung des jeweiligen Autors bzw. Erstellers. Downloads und Kopien dieser Seite sind nur f\u00fcr den privaten, nicht kommerziellen Gebrauch gestattet. Soweit die Inhalte auf dieser Seite nicht vom Betreiber erstellt wurden, werden die Urheberrechte Dritter beachtet. Insbesondere werden Inhalte Dritter als solche gekennzeichnet. Sollten Sie trotzdem auf eine Urheberrechtsverletzung aufmerksam werden, bitten wir um einen entsprechenden Hinweis. Bei Bekanntwerden von Rechtsverletzungen werden wir derartige Inhalte umgehend entfernen.<\/p>\n\n\n\n<p><\/p>\n","protected":false},"excerpt":{"rendered":"<p>Betreiber der Website www.wunschpass.de ist: Norman Turovsky Heimst\u00e4ttenstra\u00dfe 8 D-82256 F\u00fcrstenfeldbruck Kontakt Telefon 0049 (0)8141 XX XX XXX Telefax 0049 (0)8141 XX XX XXX E-Mail\u00a0info@wunschpass.de Web wunschpass.de Sitz der Gesellschaft: F\u00fcrstenfeldbruck Steuernummer: 117\/281\/82085 Vertreten durch: Norman Turovsky Verantwortlich f\u00fcr den Inhalt nach \u00a755 Abs. 2 RStV: Norman Turovsky Streitschlichtung \/ Rechtliche Hinweise Verbraucherinformationen gem\u00e4\u00df Verordnung [&hellip;]<\/p>\n","protected":false},"author":1,"featured_media":0,"parent":0,"menu_order":0,"comment_status":"closed","ping_status":"closed","template":"","meta":{"footnotes":""},"class_list":["post-12","page","type-page","status-publish","hentry"],"_links":{"self":[{"href":"https:\/\/wunschpass.de\/index.php\/wp-json\/wp\/v2\/pages\/12","targetHints":{"allow":["GET"]}}],"collection":[{"href":"https:\/\/wunschpass.de\/index.php\/wp-json\/wp\/v2\/pages"}],"about":[{"href":"https:\/\/wunschpass.de\/index.php\/wp-json\/wp\/v2\/types\/page"}],"author":[{"embeddable":true,"href":"https:\/\/wunschpass.de\/index.php\/wp-json\/wp\/v2\/users\/1"}],"replies":[{"embeddable":true,"href":"https:\/\/wunschpass.de\/index.php\/wp-json\/wp\/v2\/comments?post=12"}],"version-history":[{"count":1,"href":"https:\/\/wunschpass.de\/index.php\/wp-json\/wp\/v2\/pages\/12\/revisions"}],"predecessor-version":[{"id":19,"href":"https:\/\/wunschpass.de\/index.php\/wp-json\/wp\/v2\/pages\/12\/revisions\/19"}],"wp:attachment":[{"href":"https:\/\/wunschpass.de\/index.php\/wp-json\/wp\/v2\/media?parent=12"}],"curies":[{"name":"wp","href":"https:\/\/api.w.org\/{rel}","templated":true}]}}